{"id":31,"date":"2021-01-29T03:50:43","date_gmt":"2021-01-29T03:50:43","guid":{"rendered":"http:\/\/stephaniehansart.com\/?page_id=31"},"modified":"2022-03-31T14:11:07","modified_gmt":"2022-03-31T14:11:07","slug":"bibliography","status":"publish","type":"page","link":"https:\/\/stephaniehansart.com\/index.php\/bibliography\/","title":{"rendered":"Bibliography"},"content":{"rendered":"\n<h2 class=\"wp-block-heading\"><br><strong>interiors<\/strong><\/h2>\n\n\n\n<h4 class=\"wp-block-heading\"><br><strong>Marvel<\/strong> <\/h4>\n\n\n\n<ul class=\"wp-block-list\"><li>Avengers Origins: Ant Man&amp; The Wasp ( Roberto Aguire-Sacasa)<\/li><li>Journey Into Mystery #435 ( written by Kieron Gillen )<\/li><li>Fearless defenders #7 ( written by Cullen Bunn )<\/li><li>Superior spiderman &#8211; inhumanity ( writer Christos N. Cage )<\/li><li>Angela Asgard Assassin , participations to issues 1-6 ( with Kieron gillen and Marguerite Bennet )<\/li><li>Angela 1602 1, 2, 3, main artist and designer (with Kieron gillen and Marguerite Bennet )<\/li><li>Angela Queen of Hel 1-7 ( with Kieron gillen and Marguerite Bennet )<br>Black Bolt 10 \/ participation only ( writer Saladin Ahmed )<\/li><li>Asgardians of the Galaxy \/<\/li><\/ul>\n\n\n\n<p><\/p>\n\n\n\n<h4 class=\"wp-block-heading\">DC Comics<\/h4>\n\n\n\n<ul class=\"wp-block-list\"><li>Batwoman #5 (writer Marguerite Bennet )<\/li><li>Lucifer #6 (writer Holly Black )<\/li><li>Wonder woman Annual ( writer Michael Moreci )<\/li><li>Young monsters in love ( writer alyssa kwitney )<\/li><\/ul>\n\n\n\n<h4 class=\"wp-block-heading\">Image Comics&nbsp;<\/h4>\n\n\n\n<ul class=\"wp-block-list\"><li>Wicked + Divine 15 ( writer Kieron Gillen )<\/li><li>Wicked + Divine 1830 Special ( writer Kieron Gillen )<\/li><li>Die : serie 1 finished in 20 issues ( co-created with Kieron Gillen )<br><\/li><\/ul>\n\n\n\n<h4 class=\"wp-block-heading\">Riot Games<\/h4>\n\n\n\n<p>Varus<\/p>\n\n\n\n<p><strong>Emmanuel Proust Editions<\/strong> : Galath\u00e9a 1&amp;2 (co written with Jean Blaise Djian)<br><strong>Dupuis<\/strong> &#8211; collection sorci\u00e8res : Heritages (written by B\u00e9n\u00e9dicte Gourdon)<br><\/p>\n\n\n\n<p><strong>Soleil<\/strong> : participations to<\/p>\n\n\n\n<ul class=\"wp-block-list\"><li>Mai 68, le pav\u00e9 de bandes dessin\u00e9es ( avec G\u00e9rald Parel )&nbsp;<\/li><li>Paroles de Verdun &nbsp;( avec G\u00e9rald Parel )&nbsp;<\/li><li>Les chansons de Thieffaine &nbsp;( avec G\u00e9rald Parel )&nbsp;<\/li><\/ul>\n","protected":false},"excerpt":{"rendered":"<p>interiors Marvel Avengers Origins: Ant Man&amp; The Wasp ( Roberto Aguire-Sacasa) Journey Into Mystery #435 ( written by Kieron Gillen ) Fearless defenders #7 ( written by Cullen Bunn ) Superior spiderman &#8211; inhumanity ( writer Christos N. Cage ) Angela Asgard Assassin , participations to issues 1-6 ( with Kieron gillen and Marguerite Bennet [&hellip;]<\/p>\n","protected":false},"author":1,"featured_media":0,"parent":0,"menu_order":0,"comment_status":"closed","ping_status":"closed","template":"","meta":{"_monsterinsights_skip_tracking":false,"_monsterinsights_sitenote_active":false,"_monsterinsights_sitenote_note":"","_monsterinsights_sitenote_category":0,"jetpack_post_was_ever_published":false,"footnotes":""},"class_list":["post-31","page","type-page","status-publish","hentry"],"aioseo_notices":[],"jetpack_sharing_enabled":true,"jetpack-related-posts":[],"_links":{"self":[{"href":"https:\/\/stephaniehansart.com\/index.php\/wp-json\/wp\/v2\/pages\/31","targetHints":{"allow":["GET"]}}],"collection":[{"href":"https:\/\/stephaniehansart.com\/index.php\/wp-json\/wp\/v2\/pages"}],"about":[{"href":"https:\/\/stephaniehansart.com\/index.php\/wp-json\/wp\/v2\/types\/page"}],"author":[{"embeddable":true,"href":"https:\/\/stephaniehansart.com\/index.php\/wp-json\/wp\/v2\/users\/1"}],"replies":[{"embeddable":true,"href":"https:\/\/stephaniehansart.com\/index.php\/wp-json\/wp\/v2\/comments?post=31"}],"version-history":[{"count":3,"href":"https:\/\/stephaniehansart.com\/index.php\/wp-json\/wp\/v2\/pages\/31\/revisions"}],"predecessor-version":[{"id":362,"href":"https:\/\/stephaniehansart.com\/index.php\/wp-json\/wp\/v2\/pages\/31\/revisions\/362"}],"wp:attachment":[{"href":"https:\/\/stephaniehansart.com\/index.php\/wp-json\/wp\/v2\/media?parent=31"}],"curies":[{"name":"wp","href":"https:\/\/api.w.org\/{rel}","templated":true}]}}